{"id":267,"date":"2016-02-29T09:53:31","date_gmt":"2016-02-29T08:53:31","guid":{"rendered":"http:\/\/vkpro.nl\/fr\/?page_id=267"},"modified":"2016-02-29T09:53:31","modified_gmt":"2016-02-29T08:53:31","slug":"la-societe","status":"publish","type":"page","link":"https:\/\/vkpro.nl\/fr\/la-societe\/","title":{"rendered":"La soci\u00e9t\u00e9"},"content":{"rendered":"<p>VK-Pro BV est le leader du march\u00e9 de la production de syst\u00e8mes de pr\u00e9sentation pour jardineries. Nous sommes aussi depuis de nombreuses ann\u00e9es un partenaire fiable pour vos tables de culture fixes et mobiles, et proposons en outre diverses structures en aluminium et acier.<\/p>\n<p>Notre organisation est professionnelle, flexible et exp\u00e9riment\u00e9e. Nous avons recours \u00e0 des outils de d\u00e9coupe laser et \u00e0 des robots de soudage, entre autres, pour fabriquer nos produits. Nous pouvons ainsi b\u00e9n\u00e9ficier d\u2019une production de grande pr\u00e9cision.<\/p>\n","protected":false},"excerpt":{"rendered":"<p>VK-Pro BV est le leader du march\u00e9 de la production de syst\u00e8mes de pr\u00e9sentation pour jardineries. Nous sommes aussi depuis de nombreuses ann\u00e9es un partenaire fiable pour vos tables de culture fixes et mobiles, et proposons en outre diverses structures en aluminium et acier. Notre organisation est professionnelle, flexible et exp\u00e9riment\u00e9e. Nous avons recours \u00e0 [&hellip;]<\/p>\n","protected":false},"author":1,"featured_media":0,"parent":0,"menu_order":0,"comment_status":"open","ping_status":"closed","template":"over-ons.php","meta":{"_mi_skip_tracking":false},"_links":{"self":[{"href":"https:\/\/vkpro.nl\/fr\/wp-json\/wp\/v2\/pages\/267"}],"collection":[{"href":"https:\/\/vkpro.nl\/fr\/wp-json\/wp\/v2\/pages"}],"about":[{"href":"https:\/\/vkpro.nl\/fr\/wp-json\/wp\/v2\/types\/page"}],"author":[{"embeddable":true,"href":"https:\/\/vkpro.nl\/fr\/wp-json\/wp\/v2\/users\/1"}],"replies":[{"embeddable":true,"href":"https:\/\/vkpro.nl\/fr\/wp-json\/wp\/v2\/comments?post=267"}],"version-history":[{"count":1,"href":"https:\/\/vkpro.nl\/fr\/wp-json\/wp\/v2\/pages\/267\/revisions"}],"predecessor-version":[{"id":268,"href":"https:\/\/vkpro.nl\/fr\/wp-json\/wp\/v2\/pages\/267\/revisions\/268"}],"wp:attachment":[{"href":"https:\/\/vkpro.nl\/fr\/wp-json\/wp\/v2\/media?parent=267"}],"curies":[{"name":"wp","href":"https:\/\/api.w.org\/{rel}","templated":true}]}}