{"id":251,"date":"2016-02-29T09:22:06","date_gmt":"2016-02-29T08:22:06","guid":{"rendered":"http:\/\/vkpro.nl\/fr\/?page_id=251"},"modified":"2016-02-29T09:22:06","modified_gmt":"2016-02-29T08:22:06","slug":"home","status":"publish","type":"page","link":"https:\/\/vkpro.nl\/fr\/","title":{"rendered":"Home"},"content":{"rendered":"<p>VK-Pro BV est le leader du march\u00e9 de la production de syst\u00e8mes de pr\u00e9sentation pour jardineries. Nous sommes aussi depuis de nombreuses ann\u00e9es un partenaire fiable pour vos tables de culture fixes et mobiles, et proposons en outre diverses structures en aluminium et acier.<\/p>\n","protected":false},"excerpt":{"rendered":"<p>VK-Pro BV est le leader du march\u00e9 de la production de syst\u00e8mes de pr\u00e9sentation pour jardineries. Nous sommes aussi depuis de nombreuses ann\u00e9es un partenaire fiable pour vos tables de culture fixes et mobiles, et proposons en outre diverses structures en aluminium et acier.<\/p>\n","protected":false},"author":1,"featured_media":0,"parent":0,"menu_order":0,"comment_status":"open","ping_status":"closed","template":"home.php","meta":{"_mi_skip_tracking":false},"_links":{"self":[{"href":"https:\/\/vkpro.nl\/fr\/wp-json\/wp\/v2\/pages\/251"}],"collection":[{"href":"https:\/\/vkpro.nl\/fr\/wp-json\/wp\/v2\/pages"}],"about":[{"href":"https:\/\/vkpro.nl\/fr\/wp-json\/wp\/v2\/types\/page"}],"author":[{"embeddable":true,"href":"https:\/\/vkpro.nl\/fr\/wp-json\/wp\/v2\/users\/1"}],"replies":[{"embeddable":true,"href":"https:\/\/vkpro.nl\/fr\/wp-json\/wp\/v2\/comments?post=251"}],"version-history":[{"count":1,"href":"https:\/\/vkpro.nl\/fr\/wp-json\/wp\/v2\/pages\/251\/revisions"}],"predecessor-version":[{"id":252,"href":"https:\/\/vkpro.nl\/fr\/wp-json\/wp\/v2\/pages\/251\/revisions\/252"}],"wp:attachment":[{"href":"https:\/\/vkpro.nl\/fr\/wp-json\/wp\/v2\/media?parent=251"}],"curies":[{"name":"wp","href":"https:\/\/api.w.org\/{rel}","templated":true}]}}