{"id":265,"date":"2016-02-29T09:49:32","date_gmt":"2016-02-29T08:49:32","guid":{"rendered":"http:\/\/vkpro.nl\/de\/?page_id=265"},"modified":"2016-02-29T09:49:32","modified_gmt":"2016-02-29T08:49:32","slug":"ueber-uns","status":"publish","type":"page","link":"https:\/\/vkpro.nl\/de\/ueber-uns\/","title":{"rendered":"\u00dcber uns"},"content":{"rendered":"<p>VK-Pro BV ist Marktf\u00fchrer im Bereich der Produktion von Pr\u00e4sentationstechnik f\u00fcr Gartencenter. Au\u00dferdem sind wir bereits seit Jahren ein zuverl\u00e4ssiger Partner f\u00fcr feste und verfahrbare Kulturtische. Auch f\u00fcr andere Konstruktionen aus Aluminium und Stahl sind Sie bei uns an der richtigen Adresse.<\/p>\n<p>Unsere Organisation ist fachkundig, flexibel und erfah-ren. Bei der Herstellung der unterschiedlichen Materialien werden unter anderem Laserschneider und Schwei\u00df-roboter eingesetzt. Durch diese Art der Produktion ist Pr\u00e4zision bei uns eine Selbstverst\u00e4ndlichkeit.<\/p>\n","protected":false},"excerpt":{"rendered":"<p>VK-Pro BV ist Marktf\u00fchrer im Bereich der Produktion von Pr\u00e4sentationstechnik f\u00fcr Gartencenter. Au\u00dferdem sind wir bereits seit Jahren ein zuverl\u00e4ssiger Partner f\u00fcr feste und verfahrbare Kulturtische. Auch f\u00fcr andere Konstruktionen aus Aluminium und Stahl sind Sie bei uns an der richtigen Adresse. Unsere Organisation ist fachkundig, flexibel und erfah-ren. Bei der Herstellung der unterschiedlichen Materialien [&hellip;]<\/p>\n","protected":false},"author":1,"featured_media":0,"parent":0,"menu_order":0,"comment_status":"open","ping_status":"closed","template":"over-ons.php","meta":{"_mi_skip_tracking":false},"_links":{"self":[{"href":"https:\/\/vkpro.nl\/de\/wp-json\/wp\/v2\/pages\/265"}],"collection":[{"href":"https:\/\/vkpro.nl\/de\/wp-json\/wp\/v2\/pages"}],"about":[{"href":"https:\/\/vkpro.nl\/de\/wp-json\/wp\/v2\/types\/page"}],"author":[{"embeddable":true,"href":"https:\/\/vkpro.nl\/de\/wp-json\/wp\/v2\/users\/1"}],"replies":[{"embeddable":true,"href":"https:\/\/vkpro.nl\/de\/wp-json\/wp\/v2\/comments?post=265"}],"version-history":[{"count":1,"href":"https:\/\/vkpro.nl\/de\/wp-json\/wp\/v2\/pages\/265\/revisions"}],"predecessor-version":[{"id":266,"href":"https:\/\/vkpro.nl\/de\/wp-json\/wp\/v2\/pages\/265\/revisions\/266"}],"wp:attachment":[{"href":"https:\/\/vkpro.nl\/de\/wp-json\/wp\/v2\/media?parent=265"}],"curies":[{"name":"wp","href":"https:\/\/api.w.org\/{rel}","templated":true}]}}