{"id":249,"date":"2016-02-29T09:21:47","date_gmt":"2016-02-29T08:21:47","guid":{"rendered":"http:\/\/vkpro.nl\/de\/?page_id=249"},"modified":"2021-03-16T16:07:41","modified_gmt":"2021-03-16T15:07:41","slug":"home","status":"publish","type":"page","link":"https:\/\/vkpro.nl\/de\/","title":{"rendered":"Home"},"content":{"rendered":"<p>VK-Pro BV ist Marktf\u00fchrer im Bereich der Produktion von Pr\u00e4sentationstechnik f\u00fcr Gartencenter. Au\u00dferdem sind wir bereits seit Jahren ein zuverl\u00e4ssiger Partner f\u00fcr feste und verfahrbare Kulturtische. Auch f\u00fcr andere Konstruktionen aus Aluminium und Stahl sind Sie bei uns an der richtigen Adresse.<\/p>\n\n\n<p><\/p>\n","protected":false},"excerpt":{"rendered":"<p>VK-Pro BV ist Marktf\u00fchrer im Bereich der Produktion von Pr\u00e4sentationstechnik f\u00fcr Gartencenter. Au\u00dferdem sind wir bereits seit Jahren ein zuverl\u00e4ssiger Partner f\u00fcr feste und verfahrbare Kulturtische. Auch f\u00fcr andere Konstruktionen aus Aluminium und Stahl sind Sie bei uns an der richtigen Adresse.<\/p>\n","protected":false},"author":1,"featured_media":0,"parent":0,"menu_order":0,"comment_status":"open","ping_status":"closed","template":"home.php","meta":{"_mi_skip_tracking":false},"_links":{"self":[{"href":"https:\/\/vkpro.nl\/de\/wp-json\/wp\/v2\/pages\/249"}],"collection":[{"href":"https:\/\/vkpro.nl\/de\/wp-json\/wp\/v2\/pages"}],"about":[{"href":"https:\/\/vkpro.nl\/de\/wp-json\/wp\/v2\/types\/page"}],"author":[{"embeddable":true,"href":"https:\/\/vkpro.nl\/de\/wp-json\/wp\/v2\/users\/1"}],"replies":[{"embeddable":true,"href":"https:\/\/vkpro.nl\/de\/wp-json\/wp\/v2\/comments?post=249"}],"version-history":[{"count":2,"href":"https:\/\/vkpro.nl\/de\/wp-json\/wp\/v2\/pages\/249\/revisions"}],"predecessor-version":[{"id":430,"href":"https:\/\/vkpro.nl\/de\/wp-json\/wp\/v2\/pages\/249\/revisions\/430"}],"wp:attachment":[{"href":"https:\/\/vkpro.nl\/de\/wp-json\/wp\/v2\/media?parent=249"}],"curies":[{"name":"wp","href":"https:\/\/api.w.org\/{rel}","templated":true}]}}